{"id":3180,"date":"2025-06-02T15:41:49","date_gmt":"2025-06-02T13:41:49","guid":{"rendered":"https:\/\/www.petitesaffiches.fr\/consultations-locales\/?page_id=3180"},"modified":"2025-06-02T15:43:22","modified_gmt":"2025-06-02T13:43:22","slug":"details","status":"publish","type":"page","link":"https:\/\/www.petitesaffiches.fr\/consultations-locales\/details\/","title":{"rendered":"d\u00e9tails"},"content":{"rendered":"\t\t<div data-elementor-type=\"wp-page\" data-elementor-id=\"3180\" class=\"elementor elementor-3180\">\n\t\t\t\t<div class=\"elementor-element elementor-element-21bdf84 e-flex e-con-boxed wpr-particle-no wpr-jarallax-no wpr-parallax-no wpr-sticky-section-no e-con e-parent\" data-id=\"21bdf84\" data-element_type=\"container\">\n\t\t\t\t\t<div class=\"e-con-inner\">\n\t\t\t\t<div class=\"elementor-element elementor-element-da0f522 elementor-widget elementor-widget-shortcode\" data-id=\"da0f522\" data-element_type=\"widget\" data-widget_type=\"shortcode.default\">\n\t\t\t\t<div class=\"elementor-widget-container\">\n\t\t\t\t\t\t\t<div class=\"elementor-shortcode\"><p>Aucune proc\u00e9dure trouv\u00e9e.<\/p><\/div>\n\t\t\t\t\t\t<\/div>\n\t\t\t\t<\/div>\n\t\t\t\t\t<\/div>\n\t\t\t\t<\/div>\n\t\t\t\t<section class=\"elementor-section elementor-top-section elementor-element elementor-element-1579ebf2 elementor-section-height-min-height elementor-section-boxed elementor-section-height-default elementor-section-items-middle wpr-particle-no wpr-jarallax-no wpr-parallax-no wpr-sticky-section-no\" data-id=\"1579ebf2\" data-element_type=\"section\" data-settings=\"{&quot;background_background&quot;:&quot;classic&quot;}\">\n\t\t\t\t\t\t\t<div class=\"elementor-background-overlay\"><\/div>\n\t\t\t\t\t\t\t<div class=\"elementor-container elementor-column-gap-default\">\n\t\t\t\t\t<div class=\"elementor-column elementor-col-100 elementor-top-column elementor-element elementor-element-21490ea3 elementor-invisible\" data-id=\"21490ea3\" data-element_type=\"column\" data-settings=\"{&quot;animation&quot;:&quot;zoomIn&quot;}\">\n\t\t\t<div class=\"elementor-widget-wrap elementor-element-populated\">\n\t\t\t\t\t\t<div class=\"elementor-element elementor-element-48f13931 elementor-widget elementor-widget-heading\" data-id=\"48f13931\" data-element_type=\"widget\" data-widget_type=\"heading.default\">\n\t\t\t\t<div class=\"elementor-widget-container\">\n\t\t\t\t\t<h2 class=\"elementor-heading-title elementor-size-default\">Vous souhaitez d'autres renseignements ?<\/h2>\t\t\t\t<\/div>\n\t\t\t\t<\/div>\n\t\t<div class=\"elementor-element elementor-element-2cb3bbe1 e-grid e-con-boxed wpr-particle-no wpr-jarallax-no wpr-parallax-no wpr-sticky-section-no e-con e-parent\" data-id=\"2cb3bbe1\" data-element_type=\"container\">\n\t\t\t\t\t<div class=\"e-con-inner\">\n\t\t\t\t<div class=\"elementor-element elementor-element-73fafc8 elementor-align-justify elementor-widget elementor-widget-button\" data-id=\"73fafc8\" data-element_type=\"widget\" data-widget_type=\"button.default\">\n\t\t\t\t<div class=\"elementor-widget-container\">\n\t\t\t\t\t\t\t\t\t<div class=\"elementor-button-wrapper\">\n\t\t\t\t\t<a class=\"elementor-button elementor-button-link elementor-size-sm elementor-animation-grow\" href=\"https:\/\/www.petitesaffiches.fr\/consultations-locales\/je-suis-citoyen\/\">\n\t\t\t\t\t\t<span class=\"elementor-button-content-wrapper\">\n\t\t\t\t\t\t\t\t\t<span class=\"elementor-button-text\">Je suis un citoyen<\/span>\n\t\t\t\t\t<\/span>\n\t\t\t\t\t<\/a>\n\t\t\t\t<\/div>\n\t\t\t\t\t\t\t\t<\/div>\n\t\t\t\t<\/div>\n\t\t\t\t<div class=\"elementor-element elementor-element-757bad17 elementor-align-justify elementor-widget elementor-widget-button\" data-id=\"757bad17\" data-element_type=\"widget\" data-widget_type=\"button.default\">\n\t\t\t\t<div class=\"elementor-widget-container\">\n\t\t\t\t\t\t\t\t\t<div class=\"elementor-button-wrapper\">\n\t\t\t\t\t<a class=\"elementor-button elementor-button-link elementor-size-sm elementor-animation-grow\" href=\"https:\/\/www.petitesaffiches.fr\/consultations-locales\/je-suis-une-collectivite\/\">\n\t\t\t\t\t\t<span class=\"elementor-button-content-wrapper\">\n\t\t\t\t\t\t\t\t\t<span class=\"elementor-button-text\">Je suis une collectivit\u00e9<\/span>\n\t\t\t\t\t<\/span>\n\t\t\t\t\t<\/a>\n\t\t\t\t<\/div>\n\t\t\t\t\t\t\t\t<\/div>\n\t\t\t\t<\/div>\n\t\t\t\t\t<\/div>\n\t\t\t\t<\/div>\n\t\t\t\t\t<\/div>\n\t\t<\/div>\n\t\t\t\t\t<\/div>\n\t\t<\/section>\n\t\t\t\t<section class=\"elementor-section elementor-top-section elementor-element elementor-element-6c0ca7f8 elementor-section-boxed elementor-section-height-default elementor-section-height-default wpr-particle-no wpr-jarallax-no wpr-parallax-no wpr-sticky-section-no\" data-id=\"6c0ca7f8\" data-element_type=\"section\" data-settings=\"{&quot;background_background&quot;:&quot;classic&quot;}\">\n\t\t\t\t\t\t<div class=\"elementor-container elementor-column-gap-default\">\n\t\t\t\t\t<div class=\"elementor-column elementor-col-100 elementor-top-column elementor-element elementor-element-236d86\" data-id=\"236d86\" data-element_type=\"column\">\n\t\t\t<div class=\"elementor-widget-wrap elementor-element-populated\">\n\t\t\t\t\t\t<div class=\"elementor-element elementor-element-30d5c14a wpr-main-menu-align-center wpr-pointer-line-fx wpr-pointer-fx-slide wpr-main-menu-align--tabletcenter wpr-nav-menu-bp-tablet wpr-mobile-menu-custom-width wpr-main-menu-align--mobileleft wpr-pointer-underline wpr-sub-icon-caret-down wpr-sub-menu-fx-fade wpr-mobile-menu-drdown-align-center wpr-mobile-menu-item-align-center wpr-mobile-toggle-v1 wpr-sub-divider-yes elementor-widget elementor-widget-wpr-nav-menu\" data-id=\"30d5c14a\" data-element_type=\"widget\" data-settings=\"{&quot;menu_layout&quot;:&quot;horizontal&quot;}\" data-widget_type=\"wpr-nav-menu.default\">\n\t\t\t\t<div class=\"elementor-widget-container\">\n\t\t\t\t\t<nav class=\"wpr-nav-menu-container wpr-nav-menu-horizontal\" data-trigger=\"hover\"><ul id=\"menu-1-30d5c14a\" class=\"wpr-nav-menu\"><li class=\"menu-item menu-item-type-post_type menu-item-object-page menu-item-4598\"><a href=\"https:\/\/www.petitesaffiches.fr\/consultations-locales\/procedures-en-cours\/\" class=\"wpr-menu-item wpr-pointer-item menu-link\">Proc\u00e9dures en cours<\/a><\/li>\n<li class=\"menu-item menu-item-type-post_type menu-item-object-page menu-item-3092\"><a href=\"https:\/\/www.petitesaffiches.fr\/consultations-locales\/procedures-terminees\/\" class=\"wpr-menu-item wpr-pointer-item menu-link\">Proc\u00e9dures termin\u00e9es<\/a><\/li>\n<li class=\"menu-item menu-item-type-post_type menu-item-object-page menu-item-3229\"><a href=\"https:\/\/www.petitesaffiches.fr\/consultations-locales\/informations-et-reglementations\/\" class=\"wpr-menu-item wpr-pointer-item menu-link\">Informations et r\u00e9glementations<\/a><\/li>\n<li class=\"menu-item menu-item-type-post_type menu-item-object-page menu-item-1985\"><a href=\"https:\/\/www.petitesaffiches.fr\/consultations-locales\/nos-produits-et-solutions\/\" class=\"wpr-menu-item wpr-pointer-item menu-link\">Nos produits et solutions<\/a><\/li>\n<\/ul><\/nav><nav class=\"wpr-mobile-nav-menu-container\"><div class=\"wpr-mobile-toggle-wrap\"><div class=\"wpr-mobile-toggle\"><span class=\"wpr-mobile-toggle-line\"><\/span><span class=\"wpr-mobile-toggle-line\"><\/span><span class=\"wpr-mobile-toggle-line\"><\/span><\/div><\/div><ul id=\"mobile-menu-2-30d5c14a\" class=\"wpr-mobile-nav-menu\"><li class=\"menu-item menu-item-type-post_type menu-item-object-page menu-item-4598\"><a href=\"https:\/\/www.petitesaffiches.fr\/consultations-locales\/procedures-en-cours\/\" class=\"wpr-mobile-menu-item menu-link\">Proc\u00e9dures en cours<\/a><\/li>\n<li class=\"menu-item menu-item-type-post_type menu-item-object-page menu-item-3092\"><a href=\"https:\/\/www.petitesaffiches.fr\/consultations-locales\/procedures-terminees\/\" class=\"wpr-mobile-menu-item menu-link\">Proc\u00e9dures termin\u00e9es<\/a><\/li>\n<li class=\"menu-item menu-item-type-post_type menu-item-object-page menu-item-3229\"><a href=\"https:\/\/www.petitesaffiches.fr\/consultations-locales\/informations-et-reglementations\/\" class=\"wpr-mobile-menu-item menu-link\">Informations et r\u00e9glementations<\/a><\/li>\n<li class=\"menu-item menu-item-type-post_type menu-item-object-page menu-item-1985\"><a href=\"https:\/\/www.petitesaffiches.fr\/consultations-locales\/nos-produits-et-solutions\/\" class=\"wpr-mobile-menu-item menu-link\">Nos produits et solutions<\/a><\/li>\n<\/ul><\/nav>\t\t\t\t<\/div>\n\t\t\t\t<\/div>\n\t\t\t\t\t<\/div>\n\t\t<\/div>\n\t\t\t\t\t<\/div>\n\t\t<\/section>\n\t\t\t\t<\/div>\n\t\t","protected":false},"excerpt":{"rendered":"<p>Vous souhaitez d&rsquo;autres renseignements ? Je suis un citoyen Je suis une collectivit\u00e9 Proc\u00e9dures en cours Proc\u00e9dures termin\u00e9es Informations et r\u00e9glementations Nos produits et solutions Proc\u00e9dures en cours Proc\u00e9dures termin\u00e9es Informations et r\u00e9glementations Nos produits et solutions<\/p>\n","protected":false},"author":3,"featured_media":0,"parent":0,"menu_order":0,"comment_status":"closed","ping_status":"closed","template":"","meta":{"site-sidebar-layout":"no-sidebar","site-content-layout":"","ast-site-content-layout":"full-width-container","site-content-style":"default","site-sidebar-style":"default","ast-global-header-display":"","ast-banner-title-visibility":"","ast-main-header-display":"","ast-hfb-above-header-display":"","ast-hfb-below-header-display":"","ast-hfb-mobile-header-display":"","site-post-title":"disabled","ast-breadcrumbs-content":"","ast-featured-img":"disabled","footer-sml-layout":"","theme-transparent-header-meta":"","adv-header-id-meta":"","stick-header-meta":"","header-above-stick-meta":"","header-main-stick-meta":"","header-below-stick-meta":"","astra-migrate-meta-layouts":"default","ast-page-background-enabled":"default","ast-page-background-meta":{"desktop":{"background-color":"var(--ast-global-color-5)","background-image":"","background-repeat":"repeat","background-position":"center center","background-size":"auto","background-attachment":"scroll","background-type":"","background-media":"","overlay-type":"","overlay-color":"","overlay-opacity":"","overlay-gradient":""},"tablet":{"background-color":"","background-image":"","background-repeat":"repeat","background-position":"center center","background-size":"auto","background-attachment":"scroll","background-type":"","background-media":"","overlay-type":"","overlay-color":"","overlay-opacity":"","overlay-gradient":""},"mobile":{"background-color":"","background-image":"","background-repeat":"repeat","background-position":"center center","background-size":"auto","background-attachment":"scroll","background-type":"","background-media":"","overlay-type":"","overlay-color":"","overlay-opacity":"","overlay-gradient":""}},"ast-content-background-meta":{"desktop":{"background-color":"var(--ast-global-color-4)","background-image":"","background-repeat":"repeat","background-position":"center center","background-size":"auto","background-attachment":"scroll","background-type":"","background-media":"","overlay-type":"","overlay-color":"","overlay-opacity":"","overlay-gradient":""},"tablet":{"background-color":"var(--ast-global-color-4)","background-image":"","background-repeat":"repeat","background-position":"center center","background-size":"auto","background-attachment":"scroll","background-type":"","background-media":"","overlay-type":"","overlay-color":"","overlay-opacity":"","overlay-gradient":""},"mobile":{"background-color":"var(--ast-global-color-4)","background-image":"","background-repeat":"repeat","background-position":"center center","background-size":"auto","background-attachment":"scroll","background-type":"","background-media":"","overlay-type":"","overlay-color":"","overlay-opacity":"","overlay-gradient":""}},"footnotes":""},"class_list":["post-3180","page","type-page","status-publish","hentry"],"yoast_head":"<!-- This site is optimized with the Yoast SEO plugin v25.7 - https:\/\/yoast.com\/wordpress\/plugins\/seo\/ -->\n<title>d\u00e9tails - Petites Affiches des Alpes Maritimes<\/title>\n<meta name=\"robots\" content=\"index, follow, max-snippet:-1, max-image-preview:large, max-video-preview:-1\" \/>\n<link rel=\"canonical\" href=\"https:\/\/www.petitesaffiches.fr\/consultations-locales\/details\/\" \/>\n<meta property=\"og:locale\" content=\"fr_FR\" \/>\n<meta property=\"og:type\" content=\"article\" \/>\n<meta property=\"og:title\" content=\"d\u00e9tails - Petites Affiches des Alpes Maritimes\" \/>\n<meta property=\"og:description\" content=\"Vous souhaitez d&rsquo;autres renseignements ? Je suis un citoyen Je suis une collectivit\u00e9 Proc\u00e9dures en cours Proc\u00e9dures termin\u00e9es Informations et r\u00e9glementations Nos produits et solutions Proc\u00e9dures en cours Proc\u00e9dures termin\u00e9es Informations et r\u00e9glementations Nos produits et solutions\" \/>\n<meta property=\"og:url\" content=\"https:\/\/www.petitesaffiches.fr\/consultations-locales\/details\/\" \/>\n<meta property=\"og:site_name\" content=\"Petites Affiches des Alpes Maritimes\" \/>\n<meta property=\"article:modified_time\" content=\"2025-06-02T13:43:22+00:00\" \/>\n<meta name=\"twitter:card\" content=\"summary_large_image\" \/>\n<script type=\"application\/ld+json\" class=\"yoast-schema-graph\">{\"@context\":\"https:\/\/schema.org\",\"@graph\":[{\"@type\":\"WebPage\",\"@id\":\"https:\/\/www.petitesaffiches.fr\/consultations-locales\/details\/\",\"url\":\"https:\/\/www.petitesaffiches.fr\/consultations-locales\/details\/\",\"name\":\"d\u00e9tails - Petites Affiches des Alpes Maritimes\",\"isPartOf\":{\"@id\":\"https:\/\/www.petitesaffiches.fr\/consultations-locales\/#website\"},\"datePublished\":\"2025-06-02T13:41:49+00:00\",\"dateModified\":\"2025-06-02T13:43:22+00:00\",\"breadcrumb\":{\"@id\":\"https:\/\/www.petitesaffiches.fr\/consultations-locales\/details\/#breadcrumb\"},\"inLanguage\":\"fr-FR\",\"potentialAction\":[{\"@type\":\"ReadAction\",\"target\":[\"https:\/\/www.petitesaffiches.fr\/consultations-locales\/details\/\"]}]},{\"@type\":\"BreadcrumbList\",\"@id\":\"https:\/\/www.petitesaffiches.fr\/consultations-locales\/details\/#breadcrumb\",\"itemListElement\":[{\"@type\":\"ListItem\",\"position\":1,\"name\":\"Home\",\"item\":\"https:\/\/www.petitesaffiches.fr\/consultations-locales\/\"},{\"@type\":\"ListItem\",\"position\":2,\"name\":\"d\u00e9tails\"}]},{\"@type\":\"WebSite\",\"@id\":\"https:\/\/www.petitesaffiches.fr\/consultations-locales\/#website\",\"url\":\"https:\/\/www.petitesaffiches.fr\/consultations-locales\/\",\"name\":\"Petites Affiches des Alpes Maritimes\",\"description\":\"\",\"potentialAction\":[{\"@type\":\"SearchAction\",\"target\":{\"@type\":\"EntryPoint\",\"urlTemplate\":\"https:\/\/www.petitesaffiches.fr\/consultations-locales\/?s={search_term_string}\"},\"query-input\":{\"@type\":\"PropertyValueSpecification\",\"valueRequired\":true,\"valueName\":\"search_term_string\"}}],\"inLanguage\":\"fr-FR\"}]}<\/script>\n<!-- \/ Yoast SEO plugin. -->","yoast_head_json":{"title":"d\u00e9tails - Petites Affiches des Alpes Maritimes","robots":{"index":"index","follow":"follow","max-snippet":"max-snippet:-1","max-image-preview":"max-image-preview:large","max-video-preview":"max-video-preview:-1"},"canonical":"https:\/\/www.petitesaffiches.fr\/consultations-locales\/details\/","og_locale":"fr_FR","og_type":"article","og_title":"d\u00e9tails - Petites Affiches des Alpes Maritimes","og_description":"Vous souhaitez d&rsquo;autres renseignements ? Je suis un citoyen Je suis une collectivit\u00e9 Proc\u00e9dures en cours Proc\u00e9dures termin\u00e9es Informations et r\u00e9glementations Nos produits et solutions Proc\u00e9dures en cours Proc\u00e9dures termin\u00e9es Informations et r\u00e9glementations Nos produits et solutions","og_url":"https:\/\/www.petitesaffiches.fr\/consultations-locales\/details\/","og_site_name":"Petites Affiches des Alpes Maritimes","article_modified_time":"2025-06-02T13:43:22+00:00","twitter_card":"summary_large_image","schema":{"@context":"https:\/\/schema.org","@graph":[{"@type":"WebPage","@id":"https:\/\/www.petitesaffiches.fr\/consultations-locales\/details\/","url":"https:\/\/www.petitesaffiches.fr\/consultations-locales\/details\/","name":"d\u00e9tails - Petites Affiches des Alpes Maritimes","isPartOf":{"@id":"https:\/\/www.petitesaffiches.fr\/consultations-locales\/#website"},"datePublished":"2025-06-02T13:41:49+00:00","dateModified":"2025-06-02T13:43:22+00:00","breadcrumb":{"@id":"https:\/\/www.petitesaffiches.fr\/consultations-locales\/details\/#breadcrumb"},"inLanguage":"fr-FR","potentialAction":[{"@type":"ReadAction","target":["https:\/\/www.petitesaffiches.fr\/consultations-locales\/details\/"]}]},{"@type":"BreadcrumbList","@id":"https:\/\/www.petitesaffiches.fr\/consultations-locales\/details\/#breadcrumb","itemListElement":[{"@type":"ListItem","position":1,"name":"Home","item":"https:\/\/www.petitesaffiches.fr\/consultations-locales\/"},{"@type":"ListItem","position":2,"name":"d\u00e9tails"}]},{"@type":"WebSite","@id":"https:\/\/www.petitesaffiches.fr\/consultations-locales\/#website","url":"https:\/\/www.petitesaffiches.fr\/consultations-locales\/","name":"Petites Affiches des Alpes Maritimes","description":"","potentialAction":[{"@type":"SearchAction","target":{"@type":"EntryPoint","urlTemplate":"https:\/\/www.petitesaffiches.fr\/consultations-locales\/?s={search_term_string}"},"query-input":{"@type":"PropertyValueSpecification","valueRequired":true,"valueName":"search_term_string"}}],"inLanguage":"fr-FR"}]}},"_links":{"self":[{"href":"https:\/\/www.petitesaffiches.fr\/consultations-locales\/wp-json\/wp\/v2\/pages\/3180","targetHints":{"allow":["GET"]}}],"collection":[{"href":"https:\/\/www.petitesaffiches.fr\/consultations-locales\/wp-json\/wp\/v2\/pages"}],"about":[{"href":"https:\/\/www.petitesaffiches.fr\/consultations-locales\/wp-json\/wp\/v2\/types\/page"}],"author":[{"embeddable":true,"href":"https:\/\/www.petitesaffiches.fr\/consultations-locales\/wp-json\/wp\/v2\/users\/3"}],"replies":[{"embeddable":true,"href":"https:\/\/www.petitesaffiches.fr\/consultations-locales\/wp-json\/wp\/v2\/comments?post=3180"}],"version-history":[{"count":10,"href":"https:\/\/www.petitesaffiches.fr\/consultations-locales\/wp-json\/wp\/v2\/pages\/3180\/revisions"}],"predecessor-version":[{"id":3206,"href":"https:\/\/www.petitesaffiches.fr\/consultations-locales\/wp-json\/wp\/v2\/pages\/3180\/revisions\/3206"}],"wp:attachment":[{"href":"https:\/\/www.petitesaffiches.fr\/consultations-locales\/wp-json\/wp\/v2\/media?parent=3180"}],"curies":[{"name":"wp","href":"https:\/\/api.w.org\/{rel}","templated":true}]}}